{"id":21196,"date":"2024-11-07T21:25:28","date_gmt":"2024-11-07T20:25:28","guid":{"rendered":"https:\/\/chia-cundinamarca.gov.co\/web\/?page_id=21196"},"modified":"2026-02-27T16:05:10","modified_gmt":"2026-02-27T21:05:10","slug":"participa","status":"publish","type":"page","link":"https:\/\/chia-cundinamarca.gov.co\/web\/participa\/","title":{"rendered":"Participa"},"content":{"rendered":"\t\t<div data-elementor-type=\"wp-page\" data-elementor-id=\"21196\" class=\"elementor elementor-21196\" data-elementor-post-type=\"page\">\n\t\t\t\t<div class=\"elementor-element elementor-element-8d960ac e-flex e-con-boxed e-con e-parent\" data-id=\"8d960ac\" data-element_type=\"container\" data-e-type=\"container\">\n\t\t\t\t\t<div class=\"e-con-inner\">\n\t\t\t\t<div class=\"elementor-element elementor-element-d3c47c4 elementor-widget elementor-widget-heading\" data-id=\"d3c47c4\" data-element_type=\"widget\" data-e-type=\"widget\" data-widget_type=\"heading.default\">\n\t\t\t\t\t<h2 class=\"elementor-heading-title elementor-size-default\">PARTICIPA<\/h2>\t\t\t\t<\/div>\n\t\t\t\t\t<\/div>\n\t\t\t\t<\/div>\n\t\t<div class=\"elementor-element elementor-element-42f8bea e-flex e-con-boxed e-con e-parent\" data-id=\"42f8bea\" data-element_type=\"container\" data-e-type=\"container\">\n\t\t\t\t\t<div class=\"e-con-inner\">\n\t\t\t\t<div class=\"elementor-element elementor-element-225c720 elementor-widget elementor-widget-text-editor\" data-id=\"225c720\" data-element_type=\"widget\" data-e-type=\"widget\" data-widget_type=\"text-editor.default\">\n\t\t\t\t\t\t\t\t\t<p>Es la secci\u00f3n donde encontrar\u00e1 toda la informaci\u00f3n relacionada a los espacios, mecanismos y acciones que permiten la participaci\u00f3n ciudadana en el ciclo de la gesti\u00f3n p\u00fablica; con el prop\u00f3sito de dinamizar las decisiones y acciones p\u00fablicas durante el diagn\u00f3stico, formulaci\u00f3n, implementaci\u00f3n, evaluaci\u00f3n y seguimiento a la gesti\u00f3n institucional a trav\u00e9s de su sitio web de la Alcald\u00eda Municipal de Ch\u00eda. Con el prop\u00f3sito de vincular a la ciudadan\u00eda y dem\u00e1s grupos de inter\u00e9s en las decisiones y acciones p\u00fablicas para fortalecer la incidencia, la promoci\u00f3n y garant\u00eda de la participaci\u00f3n como derecho.<\/p>\t\t\t\t\t\t\t\t<\/div>\n\t\t\t\t\t<\/div>\n\t\t\t\t<\/div>\n\t\t<div class=\"elementor-element elementor-element-75495c2 e-flex e-con-boxed e-con e-parent\" data-id=\"75495c2\" data-element_type=\"container\" data-e-type=\"container\">\n\t\t\t\t\t<div class=\"e-con-inner\">\n\t\t<div class=\"elementor-element elementor-element-e0a2ca5 e-con-full e-flex e-con e-child\" data-id=\"e0a2ca5\" data-element_type=\"container\" data-e-type=\"container\">\n\t\t\t\t<div class=\"elementor-element elementor-element-3cdf620 elementor-widget elementor-widget-image\" data-id=\"3cdf620\" data-element_type=\"widget\" data-e-type=\"widget\" data-widget_type=\"image.default\">\n\t\t\t\t\t\t\t\t\t\t\t\t\t\t\t\t<a href=\"https:\/\/chia-cundinamarca.gov.co\/web\/generalidades\/\">\n\t\t\t\t\t\t\t<img fetchpriority=\"high\" decoding=\"async\" width=\"500\" height=\"400\" src=\"https:\/\/chia-cundinamarca.gov.co\/web\/wp-content\/uploads\/2026\/02\/1.png\" class=\"attachment-large size-large wp-image-33882\" alt=\"\" srcset=\"https:\/\/chia-cundinamarca.gov.co\/web\/wp-content\/uploads\/2026\/02\/1.png 500w, https:\/\/chia-cundinamarca.gov.co\/web\/wp-content\/uploads\/2026\/02\/1-300x240.png 300w\" sizes=\"(max-width: 500px) 100vw, 500px\" \/>\t\t\t\t\t\t\t\t<\/a>\n\t\t\t\t\t\t\t\t\t\t\t\t\t\t\t<\/div>\n\t\t\t\t<\/div>\n\t\t\t\t\t<\/div>\n\t\t\t\t<\/div>\n\t\t<div class=\"elementor-element elementor-element-aca31fa e-flex e-con-boxed e-con e-parent\" data-id=\"aca31fa\" data-element_type=\"container\" data-e-type=\"container\">\n\t\t\t\t\t<div class=\"e-con-inner\">\n\t\t<div class=\"elementor-element elementor-element-2ef9434 e-con-full e-flex e-con e-child\" data-id=\"2ef9434\" data-element_type=\"container\" data-e-type=\"container\">\n\t\t\t\t<div class=\"elementor-element elementor-element-bf44ebc elementor-widget elementor-widget-image\" data-id=\"bf44ebc\" data-element_type=\"widget\" data-e-type=\"widget\" data-widget_type=\"image.default\">\n\t\t\t\t\t\t\t\t\t\t\t\t\t\t\t\t<a href=\"https:\/\/chia-cundinamarca.gov.co\/web\/diagnostico-e-identificacion-de-problemas-2\/\">\n\t\t\t\t\t\t\t<img decoding=\"async\" width=\"500\" height=\"400\" src=\"https:\/\/chia-cundinamarca.gov.co\/web\/wp-content\/uploads\/2026\/02\/2.png\" class=\"attachment-large size-large wp-image-33884\" alt=\"\" srcset=\"https:\/\/chia-cundinamarca.gov.co\/web\/wp-content\/uploads\/2026\/02\/2.png 500w, https:\/\/chia-cundinamarca.gov.co\/web\/wp-content\/uploads\/2026\/02\/2-300x240.png 300w\" sizes=\"(max-width: 500px) 100vw, 500px\" \/>\t\t\t\t\t\t\t\t<\/a>\n\t\t\t\t\t\t\t\t\t\t\t\t\t\t\t<\/div>\n\t\t\t\t<\/div>\n\t\t<div class=\"elementor-element elementor-element-49ed93c e-con-full e-flex e-con e-child\" data-id=\"49ed93c\" data-element_type=\"container\" data-e-type=\"container\">\n\t\t\t\t<div class=\"elementor-element elementor-element-b19f6bd elementor-widget elementor-widget-image\" data-id=\"b19f6bd\" data-element_type=\"widget\" data-e-type=\"widget\" data-widget_type=\"image.default\">\n\t\t\t\t\t\t\t\t\t\t\t\t\t\t\t\t<a href=\"https:\/\/chia-cundinamarca.gov.co\/web\/planeacion-y-presupuesto-participativo\/\">\n\t\t\t\t\t\t\t<img decoding=\"async\" width=\"500\" height=\"400\" src=\"https:\/\/chia-cundinamarca.gov.co\/web\/wp-content\/uploads\/2026\/02\/3-1.png\" class=\"attachment-large size-large wp-image-33885\" alt=\"\" srcset=\"https:\/\/chia-cundinamarca.gov.co\/web\/wp-content\/uploads\/2026\/02\/3-1.png 500w, https:\/\/chia-cundinamarca.gov.co\/web\/wp-content\/uploads\/2026\/02\/3-1-300x240.png 300w\" sizes=\"(max-width: 500px) 100vw, 500px\" \/>\t\t\t\t\t\t\t\t<\/a>\n\t\t\t\t\t\t\t\t\t\t\t\t\t\t\t<\/div>\n\t\t\t\t<\/div>\n\t\t<div class=\"elementor-element elementor-element-4b0a2d6 e-con-full e-flex e-con e-child\" data-id=\"4b0a2d6\" data-element_type=\"container\" data-e-type=\"container\">\n\t\t\t\t<div class=\"elementor-element elementor-element-a69a855 elementor-widget elementor-widget-image\" data-id=\"a69a855\" data-element_type=\"widget\" data-e-type=\"widget\" data-widget_type=\"image.default\">\n\t\t\t\t\t\t\t\t\t\t\t\t\t\t\t\t<a href=\"https:\/\/chia-cundinamarca.gov.co\/web\/2024\/11\/08\/consulta-ciudadana\/\">\n\t\t\t\t\t\t\t<img loading=\"lazy\" decoding=\"async\" width=\"500\" height=\"400\" src=\"https:\/\/chia-cundinamarca.gov.co\/web\/wp-content\/uploads\/2026\/02\/4.png\" class=\"attachment-large size-large wp-image-33886\" alt=\"\" srcset=\"https:\/\/chia-cundinamarca.gov.co\/web\/wp-content\/uploads\/2026\/02\/4.png 500w, https:\/\/chia-cundinamarca.gov.co\/web\/wp-content\/uploads\/2026\/02\/4-300x240.png 300w\" sizes=\"(max-width: 500px) 100vw, 500px\" \/>\t\t\t\t\t\t\t\t<\/a>\n\t\t\t\t\t\t\t\t\t\t\t\t\t\t\t<\/div>\n\t\t\t\t<\/div>\n\t\t\t\t\t<\/div>\n\t\t\t\t<\/div>\n\t\t<div class=\"elementor-element elementor-element-9856321 e-flex e-con-boxed e-con e-parent\" data-id=\"9856321\" data-element_type=\"container\" data-e-type=\"container\">\n\t\t\t\t\t<div class=\"e-con-inner\">\n\t\t<div class=\"elementor-element elementor-element-2bcff0e e-con-full e-flex e-con e-child\" data-id=\"2bcff0e\" data-element_type=\"container\" data-e-type=\"container\">\n\t\t\t\t<div class=\"elementor-element elementor-element-e7a6435 elementor-widget elementor-widget-image\" data-id=\"e7a6435\" data-element_type=\"widget\" data-e-type=\"widget\" data-widget_type=\"image.default\">\n\t\t\t\t\t\t\t\t\t\t\t\t\t\t\t\t<a href=\"https:\/\/chia-cundinamarca.gov.co\/web\/rendicion-de-cuentas\/\">\n\t\t\t\t\t\t\t<img loading=\"lazy\" decoding=\"async\" width=\"500\" height=\"400\" src=\"https:\/\/chia-cundinamarca.gov.co\/web\/wp-content\/uploads\/2026\/02\/5.png\" class=\"attachment-large size-large wp-image-33887\" alt=\"\" srcset=\"https:\/\/chia-cundinamarca.gov.co\/web\/wp-content\/uploads\/2026\/02\/5.png 500w, https:\/\/chia-cundinamarca.gov.co\/web\/wp-content\/uploads\/2026\/02\/5-300x240.png 300w\" sizes=\"(max-width: 500px) 100vw, 500px\" \/>\t\t\t\t\t\t\t\t<\/a>\n\t\t\t\t\t\t\t\t\t\t\t\t\t\t\t<\/div>\n\t\t\t\t<\/div>\n\t\t<div class=\"elementor-element elementor-element-aa7e222 e-con-full e-flex e-con e-child\" data-id=\"aa7e222\" data-element_type=\"container\" data-e-type=\"container\">\n\t\t\t\t<div class=\"elementor-element elementor-element-75d1998 elementor-widget elementor-widget-image\" data-id=\"75d1998\" data-element_type=\"widget\" data-e-type=\"widget\" data-widget_type=\"image.default\">\n\t\t\t\t\t\t\t\t\t\t\t\t\t\t\t\t<a href=\"https:\/\/chia-cundinamarca.gov.co\/web\/colaboracion-e-innovacion\/\">\n\t\t\t\t\t\t\t<img loading=\"lazy\" decoding=\"async\" width=\"500\" height=\"400\" src=\"https:\/\/chia-cundinamarca.gov.co\/web\/wp-content\/uploads\/2026\/02\/6.png\" class=\"attachment-large size-large wp-image-33888\" alt=\"\" srcset=\"https:\/\/chia-cundinamarca.gov.co\/web\/wp-content\/uploads\/2026\/02\/6.png 500w, https:\/\/chia-cundinamarca.gov.co\/web\/wp-content\/uploads\/2026\/02\/6-300x240.png 300w\" sizes=\"(max-width: 500px) 100vw, 500px\" \/>\t\t\t\t\t\t\t\t<\/a>\n\t\t\t\t\t\t\t\t\t\t\t\t\t\t\t<\/div>\n\t\t\t\t<\/div>\n\t\t<div class=\"elementor-element elementor-element-ac41625 e-con-full e-flex e-con e-child\" data-id=\"ac41625\" data-element_type=\"container\" data-e-type=\"container\">\n\t\t\t\t<div class=\"elementor-element elementor-element-2a0e623 elementor-widget elementor-widget-image\" data-id=\"2a0e623\" data-element_type=\"widget\" data-e-type=\"widget\" data-widget_type=\"image.default\">\n\t\t\t\t\t\t\t\t\t\t\t\t\t\t\t\t<a href=\"https:\/\/chia-cundinamarca.gov.co\/web\/control-social-2\/\">\n\t\t\t\t\t\t\t<img loading=\"lazy\" decoding=\"async\" width=\"500\" height=\"400\" src=\"https:\/\/chia-cundinamarca.gov.co\/web\/wp-content\/uploads\/2026\/02\/7.png\" class=\"attachment-large size-large wp-image-33889\" alt=\"\" srcset=\"https:\/\/chia-cundinamarca.gov.co\/web\/wp-content\/uploads\/2026\/02\/7.png 500w, https:\/\/chia-cundinamarca.gov.co\/web\/wp-content\/uploads\/2026\/02\/7-300x240.png 300w\" sizes=\"(max-width: 500px) 100vw, 500px\" \/>\t\t\t\t\t\t\t\t<\/a>\n\t\t\t\t\t\t\t\t\t\t\t\t\t\t\t<\/div>\n\t\t\t\t<\/div>\n\t\t\t\t\t<\/div>\n\t\t\t\t<\/div>\n\t\t\t\t<\/div>\n\t\t","protected":false},"excerpt":{"rendered":"<p>PARTICIPA Es la secci\u00f3n donde encontrar\u00e1 toda la informaci\u00f3n relacionada a los espacios, mecanismos y acciones que permiten la participaci\u00f3n ciudadana en el ciclo de la gesti\u00f3n p\u00fablica; con el prop\u00f3sito de dinamizar las decisiones y acciones p\u00fablicas durante el diagn\u00f3stico, formulaci\u00f3n, implementaci\u00f3n, evaluaci\u00f3n y seguimiento a la gesti\u00f3n institucional a trav\u00e9s de su sitio [&hellip;]<\/p>\n","protected":false},"author":1,"featured_media":0,"parent":0,"menu_order":0,"comment_status":"closed","ping_status":"closed","template":"","meta":{"footnotes":""},"class_list":["post-21196","page","type-page","status-publish","hentry"],"_links":{"self":[{"href":"https:\/\/chia-cundinamarca.gov.co\/web\/wp-json\/wp\/v2\/pages\/21196","targetHints":{"allow":["GET"]}}],"collection":[{"href":"https:\/\/chia-cundinamarca.gov.co\/web\/wp-json\/wp\/v2\/pages"}],"about":[{"href":"https:\/\/chia-cundinamarca.gov.co\/web\/wp-json\/wp\/v2\/types\/page"}],"author":[{"embeddable":true,"href":"https:\/\/chia-cundinamarca.gov.co\/web\/wp-json\/wp\/v2\/users\/1"}],"replies":[{"embeddable":true,"href":"https:\/\/chia-cundinamarca.gov.co\/web\/wp-json\/wp\/v2\/comments?post=21196"}],"version-history":[{"count":54,"href":"https:\/\/chia-cundinamarca.gov.co\/web\/wp-json\/wp\/v2\/pages\/21196\/revisions"}],"predecessor-version":[{"id":33892,"href":"https:\/\/chia-cundinamarca.gov.co\/web\/wp-json\/wp\/v2\/pages\/21196\/revisions\/33892"}],"wp:attachment":[{"href":"https:\/\/chia-cundinamarca.gov.co\/web\/wp-json\/wp\/v2\/media?parent=21196"}],"curies":[{"name":"wp","href":"https:\/\/api.w.org\/{rel}","templated":true}]}}