{"id":28700,"date":"2025-07-24T13:32:13","date_gmt":"2025-07-24T18:32:13","guid":{"rendered":"https:\/\/chia-cundinamarca.gov.co\/web\/?page_id=28700"},"modified":"2025-08-26T15:04:34","modified_gmt":"2025-08-26T20:04:34","slug":"diagnostico-e-identificacion-de-problemas-2","status":"publish","type":"page","link":"https:\/\/chia-cundinamarca.gov.co\/web\/diagnostico-e-identificacion-de-problemas-2\/","title":{"rendered":"Diagn\u00f3stico e Identificaci\u00f3n de Problemas"},"content":{"rendered":"\t\t<div data-elementor-type=\"wp-page\" data-elementor-id=\"28700\" class=\"elementor elementor-28700\" data-elementor-post-type=\"page\">\n\t\t\t\t<div class=\"elementor-element elementor-element-fb7ef8c e-flex e-con-boxed e-con e-parent\" data-id=\"fb7ef8c\" data-element_type=\"container\" data-e-type=\"container\">\n\t\t\t\t\t<div class=\"e-con-inner\">\n\t\t\t\t<div class=\"elementor-element elementor-element-ef6b2a7 elementor-widget elementor-widget-heading\" data-id=\"ef6b2a7\" data-element_type=\"widget\" data-e-type=\"widget\" data-widget_type=\"heading.default\">\n\t\t\t\t\t<h2 class=\"elementor-heading-title elementor-size-default\">Diagn\u00f3stico e Identificaci\u00f3n de Problemas<\/h2>\t\t\t\t<\/div>\n\t\t\t\t<div class=\"elementor-element elementor-element-76e2575 elementor-widget elementor-widget-text-editor\" data-id=\"76e2575\" data-element_type=\"widget\" data-e-type=\"widget\" data-widget_type=\"text-editor.default\">\n\t\t\t\t\t\t\t\t\t<p>El diagnostico e identificaci\u00f3n de problemas busca vincular a la ciudadan\u00eda y a los actores interesados en la identificaci\u00f3n y an\u00e1lisis de las problem\u00e1ticas que afectan a sus comunidades. A trav\u00e9s de la recolecci\u00f3n participativa de informaci\u00f3n y el an\u00e1lisis conjunto, se promueve la comprensi\u00f3n de las causas, efectos y din\u00e1micas de dichos problemas, como base para la toma de decisiones informadas y la construcci\u00f3n de soluciones colectivas<\/p>\t\t\t\t\t\t\t\t<\/div>\n\t\t\t\t\t<\/div>\n\t\t\t\t<\/div>\n\t\t<div class=\"elementor-element elementor-element-8057ef0 e-flex e-con-boxed e-con e-parent\" data-id=\"8057ef0\" data-element_type=\"container\" data-e-type=\"container\">\n\t\t\t\t\t<div class=\"e-con-inner\">\n\t\t\t\t<div class=\"elementor-element elementor-element-1459c3b elementor-widget elementor-widget-n-accordion\" data-id=\"1459c3b\" data-element_type=\"widget\" data-e-type=\"widget\" data-settings=\"{&quot;default_state&quot;:&quot;expanded&quot;,&quot;max_items_expended&quot;:&quot;one&quot;,&quot;n_accordion_animation_duration&quot;:{&quot;unit&quot;:&quot;ms&quot;,&quot;size&quot;:400,&quot;sizes&quot;:[]}}\" data-widget_type=\"nested-accordion.default\">\n\t\t\t\t\t\t\t<div class=\"e-n-accordion\" aria-label=\"Accordion. Open links with Enter or Space, close with Escape, and navigate with Arrow Keys\">\n\t\t\t\t\t\t<details id=\"e-n-accordion-item-2130\" class=\"e-n-accordion-item\" open>\n\t\t\t\t<summary class=\"e-n-accordion-item-title\" data-accordion-index=\"1\" tabindex=\"0\" aria-expanded=\"true\" aria-controls=\"e-n-accordion-item-2130\" >\n\t\t\t\t\t<span class='e-n-accordion-item-title-header'><div class=\"e-n-accordion-item-title-text\"> 2.1 Publicaci\u00f3n de Temas de Inter\u00e9s <\/div><\/span>\n\t\t\t\t\t\t\t<span class='e-n-accordion-item-title-icon'>\n\t\t\t<span class='e-opened' ><svg aria-hidden=\"true\" class=\"e-font-icon-svg e-fas-minus\" viewBox=\"0 0 448 512\" xmlns=\"http:\/\/www.w3.org\/2000\/svg\"><path d=\"M416 208H32c-17.67 0-32 14.33-32 32v32c0 17.67 14.33 32 32 32h384c17.67 0 32-14.33 32-32v-32c0-17.67-14.33-32-32-32z\"><\/path><\/svg><\/span>\n\t\t\t<span class='e-closed'><svg aria-hidden=\"true\" class=\"e-font-icon-svg e-fas-plus\" viewBox=\"0 0 448 512\" xmlns=\"http:\/\/www.w3.org\/2000\/svg\"><path d=\"M416 208H272V64c0-17.67-14.33-32-32-32h-32c-17.67 0-32 14.33-32 32v144H32c-17.67 0-32 14.33-32 32v32c0 17.67 14.33 32 32 32h144v144c0 17.67 14.33 32 32 32h32c17.67 0 32-14.33 32-32V304h144c17.67 0 32-14.33 32-32v-32c0-17.67-14.33-32-32-32z\"><\/path><\/svg><\/span>\n\t\t<\/span>\n\n\t\t\t\t\t\t<\/summary>\n\t\t\t\t<div role=\"region\" aria-labelledby=\"e-n-accordion-item-2130\" class=\"elementor-element elementor-element-41ab703 e-con-full e-flex e-con e-child\" data-id=\"41ab703\" data-element_type=\"container\" data-e-type=\"container\">\n\t\t<div role=\"region\" aria-labelledby=\"e-n-accordion-item-2130\" class=\"elementor-element elementor-element-a3f4675 e-flex e-con-boxed e-con e-child\" data-id=\"a3f4675\" data-element_type=\"container\" data-e-type=\"container\">\n\t\t\t\t\t<div class=\"e-con-inner\">\n\t\t\t\t<div class=\"elementor-element elementor-element-3735004 elementor-widget elementor-widget-text-editor\" data-id=\"3735004\" data-element_type=\"widget\" data-e-type=\"widget\" data-widget_type=\"text-editor.default\">\n\t\t\t\t\t\t\t\t\t<p>\u201cEste espacio est\u00e1 pensado para mantener a la ciudadan\u00eda informada sobre los acontecimientos m\u00e1s relevantes del municipio. Aqu\u00ed podr\u00e1s conocer de primera mano las<br \/>novedades, avances, actividades y temas clave que marcan la gesti\u00f3n de la Alcald\u00eda Municipal de Ch\u00eda.<\/p><p>La informaci\u00f3n publicada en esta secci\u00f3n busca acercar la administraci\u00f3n a la comunidad, promoviendo una relaci\u00f3n m\u00e1s cercana, transparente y participativa<\/p>\t\t\t\t\t\t\t\t<\/div>\n\t\t\t\t<div class=\"elementor-element elementor-element-c2c0d75 elementor-widget elementor-widget-text-editor\" data-id=\"c2c0d75\" data-element_type=\"widget\" data-e-type=\"widget\" data-widget_type=\"text-editor.default\">\n\t\t\t\t\t\t\t\t\t<ul><li><a href=\"https:\/\/chia-cundinamarca.gov.co\/web\/2024\/01\/24\/mas-noticias\/\" target=\"_blank\" rel=\"noopener\">Ver Noticias de Ch\u00eda<\/a><\/li><\/ul>\t\t\t\t\t\t\t\t<\/div>\n\t\t\t\t\t<\/div>\n\t\t\t\t<\/div>\n\t\t\t\t<\/div>\n\t\t\t\t\t<\/details>\n\t\t\t\t\t\t<details id=\"e-n-accordion-item-2131\" class=\"e-n-accordion-item\" >\n\t\t\t\t<summary class=\"e-n-accordion-item-title\" data-accordion-index=\"2\" tabindex=\"-1\" aria-expanded=\"false\" aria-controls=\"e-n-accordion-item-2131\" >\n\t\t\t\t\t<span class='e-n-accordion-item-title-header'><div class=\"e-n-accordion-item-title-text\"> 2.2 Caja de Herramientas <\/div><\/span>\n\t\t\t\t\t\t\t<span class='e-n-accordion-item-title-icon'>\n\t\t\t<span class='e-opened' ><svg aria-hidden=\"true\" class=\"e-font-icon-svg e-fas-minus\" viewBox=\"0 0 448 512\" xmlns=\"http:\/\/www.w3.org\/2000\/svg\"><path d=\"M416 208H32c-17.67 0-32 14.33-32 32v32c0 17.67 14.33 32 32 32h384c17.67 0 32-14.33 32-32v-32c0-17.67-14.33-32-32-32z\"><\/path><\/svg><\/span>\n\t\t\t<span class='e-closed'><svg aria-hidden=\"true\" class=\"e-font-icon-svg e-fas-plus\" viewBox=\"0 0 448 512\" xmlns=\"http:\/\/www.w3.org\/2000\/svg\"><path d=\"M416 208H272V64c0-17.67-14.33-32-32-32h-32c-17.67 0-32 14.33-32 32v144H32c-17.67 0-32 14.33-32 32v32c0 17.67 14.33 32 32 32h144v144c0 17.67 14.33 32 32 32h32c17.67 0 32-14.33 32-32V304h144c17.67 0 32-14.33 32-32v-32c0-17.67-14.33-32-32-32z\"><\/path><\/svg><\/span>\n\t\t<\/span>\n\n\t\t\t\t\t\t<\/summary>\n\t\t\t\t<div role=\"region\" aria-labelledby=\"e-n-accordion-item-2131\" class=\"elementor-element elementor-element-930a825 e-flex e-con-boxed e-con e-child\" data-id=\"930a825\" data-element_type=\"container\" data-e-type=\"container\">\n\t\t\t\t\t<div class=\"e-con-inner\">\n\t\t<div role=\"region\" aria-labelledby=\"e-n-accordion-item-2131\" class=\"elementor-element elementor-element-2845eea e-con-full e-flex e-con e-child\" data-id=\"2845eea\" data-element_type=\"container\" data-e-type=\"container\">\n\t\t\t\t<div class=\"elementor-element elementor-element-88e00d3 elementor-widget elementor-widget-text-editor\" data-id=\"88e00d3\" data-element_type=\"widget\" data-e-type=\"widget\" data-widget_type=\"text-editor.default\">\n\t\t\t\t\t\t\t\t\t<p>\u201cLa divulgaci\u00f3n de resultados es clave para fortalecer la transparencia y el seguimiento ciudadano. En este espacio se presenta el Plan de Desarrollo Municipal, construido a partir de mesas de trabajo con diversos sectores, donde la ciudadan\u00eda comparti\u00f3 sus percepciones, necesidades y propuestas. Gracias a este ejercicio participativo, el PDM refleja las voces del territorio y se convierte en una herramienta leg\u00edtima para guiar la gesti\u00f3n p\u00fablica y rendir cuentas a la comunidad<\/p><ul><li><a href=\"https:\/\/pacochia.gov.co\/\" target=\"_blank\" rel=\"noopener\"><strong>Atenci\u00f3n al Ciudadano: <\/strong><\/a>A trav\u00e9s del portal de Atenci\u00f3n al Ciudadano podr\u00e1 acceder a informaci\u00f3n, tr\u00e1mites y servicios de la Alcald\u00eda de Ch\u00eda, garantizando un canal directo y oportuno de comunicaci\u00f3n entre la ciudadan\u00eda y la administraci\u00f3n municipal.<\/li><li><a href=\"http:\/\/ventanillaunica.vuvchia.com\/\" target=\"_blank\" rel=\"noopener\"><strong>Ventanilla \u00fanica de servicios:<\/strong><\/a> Podr\u00e1 acceder a la Ventanilla \u00danica de Servicios donde encontrar\u00e1 de manera centralizada los tr\u00e1mites y servicios m\u00e1s solicitados, optimizando tiempo y recursos en la atenci\u00f3n.<\/li><li><a href=\"https:\/\/chia-cundinamarca.gov.co\/web\/tramites-y-servicios\/\" target=\"_blank\" rel=\"noopener\"><strong>Impuestos:<\/strong><\/a> En este espacio podr\u00e1 consultar informaci\u00f3n y realizar tr\u00e1mites relacionados con el pago y gesti\u00f3n de impuestos municipales como el Impuesto Predial, Industria y Comercio, ICA, entre otros.<\/li><li><a href=\"https:\/\/www.sucop.gov.co\/\" target=\"_blank\" rel=\"noopener\"><strong>Sistema \u00danico de Consulta SUCOP:<\/strong><\/a> Podr\u00e1 consultar informaci\u00f3n relacionada con procesos contractuales de las entidades p\u00fablicas a trav\u00e9s del Sistema \u00danico de Consulta de Procesos (SUCOP), garantizando transparencia y acceso a la informaci\u00f3n.<\/li><\/ul>\t\t\t\t\t\t\t\t<\/div>\n\t\t\t\t<\/div>\n\t\t\t\t\t<\/div>\n\t\t\t\t<\/div>\n\t\t\t\t\t<\/details>\n\t\t\t\t\t\t<details id=\"e-n-accordion-item-2132\" class=\"e-n-accordion-item\" >\n\t\t\t\t<summary class=\"e-n-accordion-item-title\" data-accordion-index=\"3\" tabindex=\"-1\" aria-expanded=\"false\" aria-controls=\"e-n-accordion-item-2132\" >\n\t\t\t\t\t<span class='e-n-accordion-item-title-header'><div class=\"e-n-accordion-item-title-text\"> 2.3 Herramientas de Evaluaci\u00f3n <\/div><\/span>\n\t\t\t\t\t\t\t<span class='e-n-accordion-item-title-icon'>\n\t\t\t<span class='e-opened' ><svg aria-hidden=\"true\" class=\"e-font-icon-svg e-fas-minus\" viewBox=\"0 0 448 512\" xmlns=\"http:\/\/www.w3.org\/2000\/svg\"><path d=\"M416 208H32c-17.67 0-32 14.33-32 32v32c0 17.67 14.33 32 32 32h384c17.67 0 32-14.33 32-32v-32c0-17.67-14.33-32-32-32z\"><\/path><\/svg><\/span>\n\t\t\t<span class='e-closed'><svg aria-hidden=\"true\" class=\"e-font-icon-svg e-fas-plus\" viewBox=\"0 0 448 512\" xmlns=\"http:\/\/www.w3.org\/2000\/svg\"><path d=\"M416 208H272V64c0-17.67-14.33-32-32-32h-32c-17.67 0-32 14.33-32 32v144H32c-17.67 0-32 14.33-32 32v32c0 17.67 14.33 32 32 32h144v144c0 17.67 14.33 32 32 32h32c17.67 0 32-14.33 32-32V304h144c17.67 0 32-14.33 32-32v-32c0-17.67-14.33-32-32-32z\"><\/path><\/svg><\/span>\n\t\t<\/span>\n\n\t\t\t\t\t\t<\/summary>\n\t\t\t\t<div role=\"region\" aria-labelledby=\"e-n-accordion-item-2132\" class=\"elementor-element elementor-element-5428983 e-flex e-con-boxed e-con e-child\" data-id=\"5428983\" data-element_type=\"container\" data-e-type=\"container\">\n\t\t\t\t\t<div class=\"e-con-inner\">\n\t\t<div role=\"region\" aria-labelledby=\"e-n-accordion-item-2132\" class=\"elementor-element elementor-element-5fadea5 e-con-full e-flex e-con e-child\" data-id=\"5fadea5\" data-element_type=\"container\" data-e-type=\"container\">\n\t\t\t\t<div class=\"elementor-element elementor-element-a3c8870 elementor-widget elementor-widget-text-editor\" data-id=\"a3c8870\" data-element_type=\"widget\" data-e-type=\"widget\" data-widget_type=\"text-editor.default\">\n\t\t\t\t\t\t\t\t\t<p>La Alcald\u00eda de Ch\u00eda reconoce la importancia de facilitar espacios para que la ciudadan\u00eda pueda evaluar las actividades de diagn\u00f3stico de necesidades e identificaci\u00f3n de problemas adelantadas por la entidad. Si bien actualmente no se cuenta con una herramienta espec\u00edfica de evaluaci\u00f3n, se ha dispuesto el correo <strong>contactenos@chia.gov.co<\/strong> a trav\u00e9s del cual la comunidad puede enviar sus aportes, comentarios o sugerencias.<\/p><p>Estos insumos ser\u00e1n valorados como parte del proceso de mejoramiento continuo y contribuir\u00e1n a fortalecer la estrategia de rendici\u00f3n de cuentas.<\/p>\t\t\t\t\t\t\t\t<\/div>\n\t\t\t\t<\/div>\n\t\t\t\t\t<\/div>\n\t\t\t\t<\/div>\n\t\t\t\t\t<\/details>\n\t\t\t\t\t\t<details id=\"e-n-accordion-item-2133\" class=\"e-n-accordion-item\" >\n\t\t\t\t<summary class=\"e-n-accordion-item-title\" data-accordion-index=\"4\" tabindex=\"-1\" aria-expanded=\"false\" aria-controls=\"e-n-accordion-item-2133\" >\n\t\t\t\t\t<span class='e-n-accordion-item-title-header'><div class=\"e-n-accordion-item-title-text\"> 2.4 Divulgar Resultados  <\/div><\/span>\n\t\t\t\t\t\t\t<span class='e-n-accordion-item-title-icon'>\n\t\t\t<span class='e-opened' ><svg aria-hidden=\"true\" class=\"e-font-icon-svg e-fas-minus\" viewBox=\"0 0 448 512\" xmlns=\"http:\/\/www.w3.org\/2000\/svg\"><path d=\"M416 208H32c-17.67 0-32 14.33-32 32v32c0 17.67 14.33 32 32 32h384c17.67 0 32-14.33 32-32v-32c0-17.67-14.33-32-32-32z\"><\/path><\/svg><\/span>\n\t\t\t<span class='e-closed'><svg aria-hidden=\"true\" class=\"e-font-icon-svg e-fas-plus\" viewBox=\"0 0 448 512\" xmlns=\"http:\/\/www.w3.org\/2000\/svg\"><path d=\"M416 208H272V64c0-17.67-14.33-32-32-32h-32c-17.67 0-32 14.33-32 32v144H32c-17.67 0-32 14.33-32 32v32c0 17.67 14.33 32 32 32h144v144c0 17.67 14.33 32 32 32h32c17.67 0 32-14.33 32-32V304h144c17.67 0 32-14.33 32-32v-32c0-17.67-14.33-32-32-32z\"><\/path><\/svg><\/span>\n\t\t<\/span>\n\n\t\t\t\t\t\t<\/summary>\n\t\t\t\t<div role=\"region\" aria-labelledby=\"e-n-accordion-item-2133\" class=\"elementor-element elementor-element-2f2478f e-con-full e-flex e-con e-child\" data-id=\"2f2478f\" data-element_type=\"container\" data-e-type=\"container\">\n\t\t<div role=\"region\" aria-labelledby=\"e-n-accordion-item-2133\" class=\"elementor-element elementor-element-6f18a01 e-flex e-con-boxed e-con e-child\" data-id=\"6f18a01\" data-element_type=\"container\" data-e-type=\"container\">\n\t\t\t\t\t<div class=\"e-con-inner\">\n\t\t\t\t<div class=\"elementor-element elementor-element-c345280 elementor-widget elementor-widget-text-editor\" data-id=\"c345280\" data-element_type=\"widget\" data-e-type=\"widget\" data-widget_type=\"text-editor.default\">\n\t\t\t\t\t\t\t\t\t<p>La divulgaci\u00f3n de resultados permite socializar los avances del Plan de Desarrollo, un instrumento construido de manera participativa a trav\u00e9s de mesas de trabajo con la comunidad y diferentes sectores. De esta forma, se garantiza la transparencia y el seguimiento ciudadano a los compromisos adquiridos en el proceso de planificaci\u00f3n.<\/p><ul><li><a href=\"https:\/\/pdm2024.chia-cundinamarca.gov.co\/\" target=\"_blank\" rel=\"noopener\">Ver Plan de Desarrollo<\/a><\/li><\/ul>\t\t\t\t\t\t\t\t<\/div>\n\t\t\t\t\t<\/div>\n\t\t\t\t<\/div>\n\t\t\t\t<\/div>\n\t\t\t\t\t<\/details>\n\t\t\t\t\t<\/div>\n\t\t\t\t\t\t<\/div>\n\t\t\t\t\t<\/div>\n\t\t\t\t<\/div>\n\t\t\t\t<\/div>\n\t\t","protected":false},"excerpt":{"rendered":"<p>Diagn\u00f3stico e Identificaci\u00f3n de Problemas El diagnostico e identificaci\u00f3n de problemas busca vincular a la ciudadan\u00eda y a los actores interesados en la identificaci\u00f3n y an\u00e1lisis de las problem\u00e1ticas que afectan a sus comunidades. A trav\u00e9s de la recolecci\u00f3n participativa de informaci\u00f3n y el an\u00e1lisis conjunto, se promueve la comprensi\u00f3n de las causas, efectos y [&hellip;]<\/p>\n","protected":false},"author":1,"featured_media":0,"parent":0,"menu_order":0,"comment_status":"closed","ping_status":"closed","template":"","meta":{"footnotes":""},"class_list":["post-28700","page","type-page","status-publish","hentry"],"_links":{"self":[{"href":"https:\/\/chia-cundinamarca.gov.co\/web\/wp-json\/wp\/v2\/pages\/28700","targetHints":{"allow":["GET"]}}],"collection":[{"href":"https:\/\/chia-cundinamarca.gov.co\/web\/wp-json\/wp\/v2\/pages"}],"about":[{"href":"https:\/\/chia-cundinamarca.gov.co\/web\/wp-json\/wp\/v2\/types\/page"}],"author":[{"embeddable":true,"href":"https:\/\/chia-cundinamarca.gov.co\/web\/wp-json\/wp\/v2\/users\/1"}],"replies":[{"embeddable":true,"href":"https:\/\/chia-cundinamarca.gov.co\/web\/wp-json\/wp\/v2\/comments?post=28700"}],"version-history":[{"count":25,"href":"https:\/\/chia-cundinamarca.gov.co\/web\/wp-json\/wp\/v2\/pages\/28700\/revisions"}],"predecessor-version":[{"id":29743,"href":"https:\/\/chia-cundinamarca.gov.co\/web\/wp-json\/wp\/v2\/pages\/28700\/revisions\/29743"}],"wp:attachment":[{"href":"https:\/\/chia-cundinamarca.gov.co\/web\/wp-json\/wp\/v2\/media?parent=28700"}],"curies":[{"name":"wp","href":"https:\/\/api.w.org\/{rel}","templated":true}]}}