{"id":28829,"date":"2025-07-29T10:45:11","date_gmt":"2025-07-29T15:45:11","guid":{"rendered":"https:\/\/chia-cundinamarca.gov.co\/web\/?page_id=28829"},"modified":"2025-08-08T10:44:37","modified_gmt":"2025-08-08T15:44:37","slug":"28829-2","status":"publish","type":"page","link":"https:\/\/chia-cundinamarca.gov.co\/web\/28829-2\/","title":{"rendered":"PARTICIPA &#8211; Entidades que nos Vigilan"},"content":{"rendered":"\t\t<div data-elementor-type=\"wp-page\" data-elementor-id=\"28829\" class=\"elementor elementor-28829\" data-elementor-post-type=\"page\">\n\t\t\t\t<div class=\"elementor-element elementor-element-7bc538a e-flex e-con-boxed e-con e-parent\" data-id=\"7bc538a\" data-element_type=\"container\" data-e-type=\"container\">\n\t\t\t\t\t<div class=\"e-con-inner\">\n\t\t\t\t<div class=\"elementor-element elementor-element-8efa754 elementor-widget elementor-widget-heading\" data-id=\"8efa754\" data-element_type=\"widget\" data-e-type=\"widget\" data-widget_type=\"heading.default\">\n\t\t\t\t\t<h2 class=\"elementor-heading-title elementor-size-default\">ENTIDADES QUE NOS VIGILAN<\/h2>\t\t\t\t<\/div>\n\t\t\t\t<div class=\"elementor-element elementor-element-5cb321a elementor-widget elementor-widget-text-editor\" data-id=\"5cb321a\" data-element_type=\"widget\" data-e-type=\"widget\" data-widget_type=\"text-editor.default\">\n\t\t\t\t\t\t\t\t\t<p>En este apartado se presentan las entidades encargadas de ejercer vigilancia y control sobre la gesti\u00f3n p\u00fablica del municipio. Su labor contribuye a garantizar la transparencia, el uso adecuado de los recursos p\u00fablicos y el fortalecimiento del control social por parte de la ciudadan\u00eda.\u201d<\/p>\t\t\t\t\t\t\t\t<\/div>\n\t\t\t\t\t<\/div>\n\t\t\t\t<\/div>\n\t\t<div class=\"elementor-element elementor-element-537bd4e e-flex e-con-boxed e-con e-parent\" data-id=\"537bd4e\" data-element_type=\"container\" data-e-type=\"container\">\n\t\t\t\t\t<div class=\"e-con-inner\">\n\t\t<div class=\"elementor-element elementor-element-156edec e-con-full e-flex e-con e-child\" data-id=\"156edec\" data-element_type=\"container\" data-e-type=\"container\">\n\t\t\t\t<div class=\"elementor-element elementor-element-4cec256 elementor-widget elementor-widget-image\" data-id=\"4cec256\" data-element_type=\"widget\" data-e-type=\"widget\" data-widget_type=\"image.default\">\n\t\t\t\t\t\t\t\t\t\t\t\t\t\t\t<img fetchpriority=\"high\" decoding=\"async\" width=\"300\" height=\"233\" src=\"https:\/\/chia-cundinamarca.gov.co\/web\/wp-content\/uploads\/2025\/08\/2.-Contraloria-1-300x233.png\" class=\"attachment-medium size-medium wp-image-29243\" alt=\"\" srcset=\"https:\/\/chia-cundinamarca.gov.co\/web\/wp-content\/uploads\/2025\/08\/2.-Contraloria-1-300x233.png 300w, https:\/\/chia-cundinamarca.gov.co\/web\/wp-content\/uploads\/2025\/08\/2.-Contraloria-1-768x597.png 768w, https:\/\/chia-cundinamarca.gov.co\/web\/wp-content\/uploads\/2025\/08\/2.-Contraloria-1.png 888w\" sizes=\"(max-width: 300px) 100vw, 300px\" \/>\t\t\t\t\t\t\t\t\t\t\t\t\t\t\t<\/div>\n\t\t\t\t<\/div>\n\t\t<div class=\"elementor-element elementor-element-744fc66 e-con-full e-flex e-con e-child\" data-id=\"744fc66\" data-element_type=\"container\" data-e-type=\"container\">\n\t\t\t\t<div class=\"elementor-element elementor-element-4b528c5 elementor-widget elementor-widget-text-editor\" data-id=\"4b528c5\" data-element_type=\"widget\" data-e-type=\"widget\" data-widget_type=\"text-editor.default\">\n\t\t\t\t\t\t\t\t\t<p><strong>Contralor\u00eda General de la Rep\u00fablica<\/strong><\/p><p>Es el m\u00e1ximo \u00f3rgano de control fiscal (Recursos Nacionales) del Estado. Como tal, tiene la misi\u00f3n de procurar el buen uso de los recursos y bienes p\u00fablicos y contribuir a la modernizaci\u00f3n del Estado, mediante acciones de mejoramiento continuo en las distintas<br \/>entidades p\u00fablicas.<\/p><ul><li>Direcci\u00f3n: Carrera 9 # 12C -10 &#8211; Bogot\u00e1 D.C., Colombia<\/li><li>Horario: Lunes a viernes: 8:00 a.m. &#8211; 5:00 p.m.<\/li><li>Tel\u00e9fono: (+57) (601) 5187000<\/li><li>Correo: cgr@contraloria.gov.co<\/li><li>Web: <a href=\"https:\/\/www.contraloria.gov.co\/\">https:\/\/www.contraloria.gov.co\/<\/a><\/li><\/ul>\t\t\t\t\t\t\t\t<\/div>\n\t\t\t\t<\/div>\n\t\t\t\t\t<\/div>\n\t\t\t\t<\/div>\n\t\t<div class=\"elementor-element elementor-element-1250e1e e-flex e-con-boxed e-con e-parent\" data-id=\"1250e1e\" data-element_type=\"container\" data-e-type=\"container\">\n\t\t\t\t\t<div class=\"e-con-inner\">\n\t\t\t\t<div class=\"elementor-element elementor-element-a5491f5 elementor-widget-divider--view-line elementor-widget elementor-widget-divider\" data-id=\"a5491f5\" data-element_type=\"widget\" data-e-type=\"widget\" data-widget_type=\"divider.default\">\n\t\t\t\t\t\t\t<div class=\"elementor-divider\">\n\t\t\t<span class=\"elementor-divider-separator\">\n\t\t\t\t\t\t<\/span>\n\t\t<\/div>\n\t\t\t\t\t\t<\/div>\n\t\t\t\t\t<\/div>\n\t\t\t\t<\/div>\n\t\t<div class=\"elementor-element elementor-element-6f7c265 e-flex e-con-boxed e-con e-parent\" data-id=\"6f7c265\" data-element_type=\"container\" data-e-type=\"container\">\n\t\t\t\t\t<div class=\"e-con-inner\">\n\t\t<div class=\"elementor-element elementor-element-775a64a e-con-full e-flex e-con e-child\" data-id=\"775a64a\" data-element_type=\"container\" data-e-type=\"container\">\n\t\t\t\t<div class=\"elementor-element elementor-element-6a1bbd1 elementor-widget elementor-widget-image\" data-id=\"6a1bbd1\" data-element_type=\"widget\" data-e-type=\"widget\" data-widget_type=\"image.default\">\n\t\t\t\t\t\t\t\t\t\t\t\t\t\t\t<img decoding=\"async\" width=\"406\" height=\"154\" src=\"https:\/\/chia-cundinamarca.gov.co\/web\/wp-content\/uploads\/2025\/08\/3.-Concejo.png\" class=\"attachment-large size-large wp-image-29247\" alt=\"\" srcset=\"https:\/\/chia-cundinamarca.gov.co\/web\/wp-content\/uploads\/2025\/08\/3.-Concejo.png 406w, https:\/\/chia-cundinamarca.gov.co\/web\/wp-content\/uploads\/2025\/08\/3.-Concejo-300x114.png 300w\" sizes=\"(max-width: 406px) 100vw, 406px\" \/>\t\t\t\t\t\t\t\t\t\t\t\t\t\t\t<\/div>\n\t\t\t\t<\/div>\n\t\t<div class=\"elementor-element elementor-element-caf223a e-con-full e-flex e-con e-child\" data-id=\"caf223a\" data-element_type=\"container\" data-e-type=\"container\">\n\t\t\t\t<div class=\"elementor-element elementor-element-a5f450b elementor-widget elementor-widget-text-editor\" data-id=\"a5f450b\" data-element_type=\"widget\" data-e-type=\"widget\" data-widget_type=\"text-editor.default\">\n\t\t\t\t\t\t\t\t\t<p><strong>Concejo Municipal de Ch\u00eda\u00a0<\/strong><br \/>Representa a la Comunidad y ejerce el control pol\u00edtico a la gesti\u00f3n de la administraci\u00f3n municipal de acuerdo a lo estipulado en la Constituci\u00f3n y la Ley.<\/p><ul><li>Direcci\u00f3n: Carrera 3 No. 12-88, Antiguo Club el Mohan &#8211; Ch\u00eda, Cundinamarca, Colombia.<\/li><li>Horario: Horario de Atenci\u00f3n: Lunes a Viernes 8:00 a.m. &#8211; 1:00 p.m. y 2:00 p.m. -5:30 p.m.<\/li><li>Tel\u00e9fono: (601) 8631125<\/li><li>Correo: contactenos@concejomunicipalchia.gov.co<\/li><li>Web: <a href=\"https:\/\/concejomunicipalchia.gov.co\">https:\/\/concejomunicipalchia.gov.co<\/a><\/li><\/ul>\t\t\t\t\t\t\t\t<\/div>\n\t\t\t\t<\/div>\n\t\t\t\t\t<\/div>\n\t\t\t\t<\/div>\n\t\t<div class=\"elementor-element elementor-element-23d86ac e-flex e-con-boxed e-con e-parent\" data-id=\"23d86ac\" data-element_type=\"container\" data-e-type=\"container\">\n\t\t\t\t\t<div class=\"e-con-inner\">\n\t\t\t\t<div class=\"elementor-element elementor-element-af48e65 elementor-widget-divider--view-line elementor-widget elementor-widget-divider\" data-id=\"af48e65\" data-element_type=\"widget\" data-e-type=\"widget\" data-widget_type=\"divider.default\">\n\t\t\t\t\t\t\t<div class=\"elementor-divider\">\n\t\t\t<span class=\"elementor-divider-separator\">\n\t\t\t\t\t\t<\/span>\n\t\t<\/div>\n\t\t\t\t\t\t<\/div>\n\t\t\t\t\t<\/div>\n\t\t\t\t<\/div>\n\t\t<div class=\"elementor-element elementor-element-d43833b e-flex e-con-boxed e-con e-parent\" data-id=\"d43833b\" data-element_type=\"container\" data-e-type=\"container\">\n\t\t\t\t\t<div class=\"e-con-inner\">\n\t\t<div class=\"elementor-element elementor-element-bb95698 e-con-full e-flex e-con e-child\" data-id=\"bb95698\" data-element_type=\"container\" data-e-type=\"container\">\n\t\t\t\t<div class=\"elementor-element elementor-element-452b0c5 elementor-widget elementor-widget-image\" data-id=\"452b0c5\" data-element_type=\"widget\" data-e-type=\"widget\" data-widget_type=\"image.default\">\n\t\t\t\t\t\t\t\t\t\t\t\t\t\t\t<img decoding=\"async\" width=\"226\" height=\"300\" src=\"https:\/\/chia-cundinamarca.gov.co\/web\/wp-content\/uploads\/2025\/08\/4.-Procuraduria-226x300.png\" class=\"attachment-medium size-medium wp-image-29253\" alt=\"\" srcset=\"https:\/\/chia-cundinamarca.gov.co\/web\/wp-content\/uploads\/2025\/08\/4.-Procuraduria-226x300.png 226w, https:\/\/chia-cundinamarca.gov.co\/web\/wp-content\/uploads\/2025\/08\/4.-Procuraduria.png 283w\" sizes=\"(max-width: 226px) 100vw, 226px\" \/>\t\t\t\t\t\t\t\t\t\t\t\t\t\t\t<\/div>\n\t\t\t\t<\/div>\n\t\t<div class=\"elementor-element elementor-element-43594e5 e-con-full e-flex e-con e-child\" data-id=\"43594e5\" data-element_type=\"container\" data-e-type=\"container\">\n\t\t\t\t<div class=\"elementor-element elementor-element-c3f752b elementor-widget elementor-widget-text-editor\" data-id=\"c3f752b\" data-element_type=\"widget\" data-e-type=\"widget\" data-widget_type=\"text-editor.default\">\n\t\t\t\t\t\t\t\t\t<p><strong>Procuradur\u00eda General de la Rep\u00fablica<\/strong>\u00a0<\/p><p>Ejerce, de acuerdo a lo establecido en el art\u00edculo 277 de la Constituci\u00f3n Pol\u00edtica de Colombia de 1991, el control disciplinario del servidor p\u00fablico, adelantando las investigaciones y sancionando a los funcionarios que incurran en faltas disciplinarias en el desempe\u00f1o de sus funciones. De igual manera adelanta las investigaciones cuando se presenten irregularidades en el manejo del patrimonio p\u00fablico.<\/p><ul><li>Direcci\u00f3n: Carrera 5 # 15-80, Bogot\u00e1 D.C., Colombia<\/li><li>Horario: Lunes a viernes, 8 a.m. a 5 p.m.<\/li><li>Tel\u00e9fono: (+57) (601) 5878750<\/li><li>Correo: quejas@procuraduria.gov.co<\/li><li>Web: <a href=\"https:\/\/www.procuraduria.gov.co\/portal\/\">https:\/\/www.procuraduria.gov.co\/portal\/<\/a><\/li><\/ul>\t\t\t\t\t\t\t\t<\/div>\n\t\t\t\t<\/div>\n\t\t\t\t\t<\/div>\n\t\t\t\t<\/div>\n\t\t\t\t<\/div>\n\t\t","protected":false},"excerpt":{"rendered":"<p>ENTIDADES QUE NOS VIGILAN En este apartado se presentan las entidades encargadas de ejercer vigilancia y control sobre la gesti\u00f3n p\u00fablica del municipio. Su labor contribuye a garantizar la transparencia, el uso adecuado de los recursos p\u00fablicos y el fortalecimiento del control social por parte de la ciudadan\u00eda.\u201d Contralor\u00eda General de la Rep\u00fablica Es el [&hellip;]<\/p>\n","protected":false},"author":1,"featured_media":0,"parent":0,"menu_order":0,"comment_status":"closed","ping_status":"closed","template":"","meta":{"footnotes":""},"class_list":["post-28829","page","type-page","status-publish","hentry"],"_links":{"self":[{"href":"https:\/\/chia-cundinamarca.gov.co\/web\/wp-json\/wp\/v2\/pages\/28829","targetHints":{"allow":["GET"]}}],"collection":[{"href":"https:\/\/chia-cundinamarca.gov.co\/web\/wp-json\/wp\/v2\/pages"}],"about":[{"href":"https:\/\/chia-cundinamarca.gov.co\/web\/wp-json\/wp\/v2\/types\/page"}],"author":[{"embeddable":true,"href":"https:\/\/chia-cundinamarca.gov.co\/web\/wp-json\/wp\/v2\/users\/1"}],"replies":[{"embeddable":true,"href":"https:\/\/chia-cundinamarca.gov.co\/web\/wp-json\/wp\/v2\/comments?post=28829"}],"version-history":[{"count":14,"href":"https:\/\/chia-cundinamarca.gov.co\/web\/wp-json\/wp\/v2\/pages\/28829\/revisions"}],"predecessor-version":[{"id":29256,"href":"https:\/\/chia-cundinamarca.gov.co\/web\/wp-json\/wp\/v2\/pages\/28829\/revisions\/29256"}],"wp:attachment":[{"href":"https:\/\/chia-cundinamarca.gov.co\/web\/wp-json\/wp\/v2\/media?parent=28829"}],"curies":[{"name":"wp","href":"https:\/\/api.w.org\/{rel}","templated":true}]}}