{"id":32650,"date":"2026-01-07T12:45:29","date_gmt":"2026-01-07T17:45:29","guid":{"rendered":"https:\/\/chia-cundinamarca.gov.co\/web\/?page_id=32650"},"modified":"2026-01-07T12:48:24","modified_gmt":"2026-01-07T17:48:24","slug":"resoluciones-2026","status":"publish","type":"page","link":"https:\/\/chia-cundinamarca.gov.co\/web\/resoluciones-2026\/","title":{"rendered":"Resoluciones 2026"},"content":{"rendered":"\t\t<div data-elementor-type=\"wp-page\" data-elementor-id=\"32650\" class=\"elementor elementor-32650\" data-elementor-post-type=\"page\">\n\t\t\t\t<div class=\"elementor-element elementor-element-b5cacb2 e-flex e-con-boxed e-con e-parent\" data-id=\"b5cacb2\" data-element_type=\"container\" data-e-type=\"container\">\n\t\t\t\t\t<div class=\"e-con-inner\">\n\t\t\t\t<div class=\"elementor-element elementor-element-9284e3f elementor-widget elementor-widget-heading\" data-id=\"9284e3f\" data-element_type=\"widget\" data-e-type=\"widget\" data-widget_type=\"heading.default\">\n\t\t\t\t\t<h2 class=\"elementor-heading-title elementor-size-default\">Resoluciones 2026<\/h2>\t\t\t\t<\/div>\n\t\t\t\t\t<\/div>\n\t\t\t\t<\/div>\n\t\t<div class=\"elementor-element elementor-element-40d23a0 e-flex e-con-boxed e-con e-parent\" data-id=\"40d23a0\" data-element_type=\"container\" data-e-type=\"container\">\n\t\t\t\t\t<div class=\"e-con-inner\">\n\t\t\t\t<div class=\"elementor-element elementor-element-c73fed2 elementor-widget elementor-widget-shortcode\" data-id=\"c73fed2\" data-element_type=\"widget\" data-e-type=\"widget\" data-widget_type=\"shortcode.default\">\n\t\t\t\t\t\t\t<div class=\"elementor-shortcode\">\n<table id=\"tablepress-15\" class=\"tablepress tablepress-id-15\">\n<thead>\n<tr class=\"row-1\">\n\t<th class=\"column-1\">Resoluci\u00f3n<\/th><th class=\"column-2\">Descripci\u00f3n<\/th><th class=\"column-3\">Fecha de Publicaci\u00f3n<\/th>\n<\/tr>\n<\/thead>\n<tbody class=\"row-striping row-hover\">\n<tr class=\"row-2\">\n\t<td class=\"column-1\"><a href=\"https:\/\/chia-cundinamarca.gov.co\/2026\/RESOLUCIONES\/Resolucion%201669-%20del%2031%20de%20marzo%20de%202026%20reglamento%20interno%20del%20cobro%20coactivo%20y%20persuasivo.pdf\" target=\"_blank\">Resoluci\u00f3n 1669<\/a><\/td><td class=\"column-2\">POR LA CUAL SE DEROGA LA RESOLUCI\u00d3N No. 5722 DEL 18 DE DICIEMBRE DE 2019, SE ADOPTA EL REGLAMENTO INTERNO DE COBRO PERSUASIVO Y COACTIVO DE LA SECRETARIA DE MOVILIDAD DEL MUNICIPIO DE CH\u00cdA, Y SE DICTAN OTRAS DISPOSICIONES.<br \/>\n<\/td><td class=\"column-3\">14 DE ABRIL DE 2026<\/td>\n<\/tr>\n<tr class=\"row-3\">\n\t<td class=\"column-1\"><a href=\"https:\/\/chia-cundinamarca.gov.co\/2026\/RESOLUCIONES\/Resolucion1668-del%2031%20de%20marzo%20de%202026%20tarifa%20de%20patio%20y%20grua.pdf\" target=\"_blank\">Resoluci\u00f3n 1668<\/a><\/td><td class=\"column-2\">POR LA CUAL SE AUTORIZA Y SE ESTABLECEN LAS TARIFAS PARA PRESTAR EL SERVICIO DE PATIO Y GR\u00daA PARA LOS VEH\u00cdCULOS QUE REQUIERAN SER INMOVILIZADOS POR LA COMISI\u00d3N DE INFRACCIONES AL TR\u00c1NSITO Y TRANSPORTE EN LA JURISDICI\u00d3N DEL MUNICIPIO DE CH\u00cdA Y SE DICTAN OTRAS DISPOSICIONES.<br \/>\n<\/td><td class=\"column-3\">15 DE ABRIL DE 2026<\/td>\n<\/tr>\n<tr class=\"row-4\">\n\t<td class=\"column-1\"><a href=\"https:\/\/chia-cundinamarca.gov.co\/2026\/RESOLUCIONES\/Resolucion%201512%20de2026.pdf\" target=\"_blank\">Resoluci\u00f3n 1512<\/a><\/td><td class=\"column-2\">POR MEDIO DE LA CUAL SE DETERMINA LA DISTRIBUCI\u00d3N DEL TREINTA Y CINCO POR CIENTO (35%) DE LOS RECURSOS DEL PRESUPUESTO PARTICIPATIVO DESTINADOS A PROYECTOS DE INCIDENCIA TERRITORIAL PARA LAS VIGENCIAS 2025 Y 2026 EN EL MUNICIPIO DE CH\u00cdA<\/td><td class=\"column-3\">24 DE MARZO DE 2026<\/td>\n<\/tr>\n<tr class=\"row-5\">\n\t<td class=\"column-1\"><a href=\"https:\/\/chia-cundinamarca.gov.co\/2026\/RESOLUCIONES\/resoluci%C3%B3n%20final%201279%20-%20radicado%202024-35024.pdf\">Resoluci\u00f3n 1279<\/a><\/td><td class=\"column-2\">POR LA CUAL SE LEGALIZA EL ASENTAMIENTO HUMANO UBICADO SOBRE EL PREDIO IDENTIFICADO CON C\u00c9DULA CATASTRAL 251750000000000030374000000000 UBICADO EN LA VEREDA FAGUA, SECTOR RINCON DE FAGUA, PREDIO LA MISERICORDIA DEL MUNICIPIO DE CH\u00cdA CUNDINAMARCA, SE ADOPTA OFICIALMENTE EL PLANO Y SE DICTAN OTRAS DISPOSICIONES. <\/td><td class=\"column-3\">16 DE MARZO DE 2026<\/td>\n<\/tr>\n<tr class=\"row-6\">\n\t<td class=\"column-1\"><a href=\"https:\/\/chia-cundinamarca.gov.co\/2026\/RESOLUCIONES\/resoluci%C3%B3n%20final%201278--radicado2024-34863.pdf\" target=\"_blank\">Resoluci\u00f3n 1278<\/a><\/td><td class=\"column-2\">POR LA CUAL SE LEGALIZA EL ASENTAMIENTO HUMANO UBICADO SOBRE EL PREDIO IDENTIFICADO CON C\u00c9DULA CATASTRAL 251750000000000020268000000000 UBICADO EN LA VEREDA FONQUETA, SECTOR ALEJANDRIA, LOTE EL TRIUNFO DEL MUNICIPIO DE CH\u00cdA CUNDINAMARCA, SE ADOPTA OFICIALMENTE EL PLANO Y SE DICTAN OTRAS DISPOSICIONES. <\/td><td class=\"column-3\">16 DE MARZO DE 2026<\/td>\n<\/tr>\n<tr class=\"row-7\">\n\t<td class=\"column-1\"><a href=\"https:\/\/chia-cundinamarca.gov.co\/2026\/RESOLUCIONES\/RESOLUCION%201277%20DE%202026%20EXP.%2020249999940189.pdf\" target=\"_blank\">Resoluci\u00f3n 1277<\/a><\/td><td class=\"column-2\">POR LA CUAL SE LEGALIZA EL ASENTAMIENTO HUMANO UBICADO SOBRE EL PREDIO IDENTIFICADO CON C\u00c9DULA CATASTRAL 251750000000000021357000000000, UBICADO EN LA VEREDA FONQUETA, SECTOR LA LUCERNA, DEL MUNICIPIO DE CH\u00cdA CUNDINAMARCA, SE ADOPTA OFICIALMENTE EL PLANO Y SE DICTAN OTRAS DISPOSICIONES.<br \/>\n<\/td><td class=\"column-3\">24 DE MARZO DE 2026<\/td>\n<\/tr>\n<tr class=\"row-8\">\n\t<td class=\"column-1\"><a href=\"https:\/\/chia-cundinamarca.gov.co\/2026\/RESOLUCIONES\/resoluci%C3%B3n%20final%201269%20-%20radicado%202024-40162.pdf\" target=\"_blank\">Resoluci\u00f3n 1269<\/a><\/td><td class=\"column-2\">POR LA CUAL SE LEGALIZA EL ASENTAMIENTO HUMANO UBICADO SOBRE EL PREDIO IDENTIFICADO CON C\u00c9DULA CATASTRAL 251750000000000081258000000000, UBICADO EN LA VEREDA CERCA DE PIEDRA, SECTOR CLUB MILITAR, DEL MUNICIPIO DE CH\u00cdA CUNDINAMARCA, SE ADOPTA OFICIALMENTE EL PLANO Y SE DICTAN OTRAS DISPOSICIONES.<\/td><td class=\"column-3\">17 DE MARZO DE 2026<\/td>\n<\/tr>\n<tr class=\"row-9\">\n\t<td class=\"column-1\"><a href=\"https:\/\/chia-cundinamarca.gov.co\/2026\/RESOLUCIONES\/resoluci%C3%B3n%20final%201268%20-%20radicado%202024-27977.pdf\" target=\"_blank\">Resoluci\u00f3n 1268<\/a><\/td><td class=\"column-2\">POR LA CUAL SE LEGALIZA EL ASENTAMIENTO HUMANO UBICADO SOBRE LOS PREDIOS IDENTIFICADOS CON C\u00c9DULA CATASTRAL 251750000000000031337000000000 Y 251750000000000031338000000000, UBICADO EN LA VEREDA FAGUA, SECTOR LA VIRGEN, DEL MUNICIPIO DE CH\u00cdA CUNDINAMARCA, SE ADOPTA OFICIALMENTE EL PLANO Y SE DICTAN OTRAS DISPOSICIONES.<\/td><td class=\"column-3\">16 DE MARZO DE 2026<\/td>\n<\/tr>\n<tr class=\"row-10\">\n\t<td class=\"column-1\"><a href=\"https:\/\/chia-cundinamarca.gov.co\/2026\/RESOLUCIONES\/RESOLUCION%201167.pdf\" target=\"_blank\">Resoluci\u00f3n 1167<\/a><\/td><td class=\"column-2\">LA CUAL DECRETA EL DESISTIMIENTO Y ARCHIVO DE LA SOLICITUD DE LEGALIZACI\u00d3N URBAN\u00cdSTICA DE UN ASENTAMIENTO HUMANO ELEVADA A TRAV\u00c9S DEL RADICADO 2025999991502, PARA EL PREDIO IDENTIFICADO CON C\u00c9DULA CATASTRAL 2517500000000080245000 Y MATR\u00cdCULA INMOBILIARIA 50N-20323905, UBICADO EN LA VEREDA CERCA DE PIEDRA, SECTOR EL TREBOL DEL MUNICIPIO DE CH\u00cdA <\/td><td class=\"column-3\">11 DE MARZO DE 2026<\/td>\n<\/tr>\n<tr class=\"row-11\">\n\t<td class=\"column-1\"><a href=\"https:\/\/chia-cundinamarca.gov.co\/2026\/RESOLUCIONES\/MODIFICACI%C3%93N%20RESOLUCI%C3%93N%200990%20de%202026.pdf\" target=\"_blank\">Resoluci\u00f3n 0990<\/a><\/td><td class=\"column-2\">POR LA CUAL SE MODIFICAN LOS ARTICULOS 1\u00b0, 2\u00ba Y 10\u00b0 DE RESOLUCI\u00d3N 3455 DEL 1 DE AGOSTO DE 2025 \"POR LA CUAL SE LEGALIZA EL ASENTAMIENTO HUMANO UBICADO SOBRE EL PREDIO LOTE 2 SAN CARLOS IDENTIFICADO CON C\u00c9DULA CATASTRAL 251750000000000090332000000000, UBICADO EN LA VEREDA T\u00cdQUIZA SECTOR CUATRO ESQUINAS CENTRO POBLADO DEL MUNICIPIO DE CH\u00cdA - CUNDINAMARCA, SE ADOPTA OFICIALMENTE EL PLANO Y SE DICTAN OTRAS DISPOSICIONES.<br \/>\n<\/td><td class=\"column-3\">04 DE MARZO DE 2026<\/td>\n<\/tr>\n<tr class=\"row-12\">\n\t<td class=\"column-1\"><a href=\"https:\/\/chia-cundinamarca.gov.co\/2026\/RESOLUCIONES\/RESOLUCION%20No.0674%20DE%2010%20DE%20FEBRERO%202026.pdf\" target=\"_blank\">Resoluci\u00f3n 0674<\/a><\/td><td class=\"column-2\">POR LA CUAL SE RESUELVE EN PRIMERA INSTANCIA LA RECLAMACI\u00d3N DE ESTRATIFICACI\u00d3N PRESENTADA POR USUARIO DEL MUNICIPIO DE CH\u00cdA<\/td><td class=\"column-3\">17 DE FEBRERO DE 2026<\/td>\n<\/tr>\n<tr class=\"row-13\">\n\t<td class=\"column-1\"><a href=\"https:\/\/chia-cundinamarca.gov.co\/2026\/RESOLUCIONES\/RES.0470.pdf\" target=\"_blank\">Resoluci\u00f3n 0470<\/a><\/td><td class=\"column-2\">LA CUAL DECRETA EL DESISTIMIENTO DE LA SOLICITUD DE LEGALIZACI\u00d3N URBAN\u00cdSTICA DEL ASENTAMIENTO HUMANO EFECTUADA POR LA SE\u00d1ORA LINA MARCELA CUELLO MORENO A TRAV\u00c9S DEL RADICADO 20239999922226, SOBRE EL PREDIO IDENTIFICADO CON C\u00c9DULA CATASTRAL 251750000000000030425000000000 Y MATR\u00cdCULA INMOBILIARIA 50N-932571, UBICADO EN LA VEREDA FAGUA DEL MUNICIPIO DE CH\u00cd\u0410.<\/td><td class=\"column-3\">09 DE FEBRERO DE 2026<\/td>\n<\/tr>\n<tr class=\"row-14\">\n\t<td class=\"column-1\"><a href=\"https:\/\/chia-cundinamarca.gov.co\/2026\/RESOLUCIONES\/Resoluci%C3%B3n%200440%20de%202026.pdf\" target=\"_blank\">Resoluci\u00f3n 0440<\/a><\/td><td class=\"column-2\">POR LA CUAL SE LEGALIZA EL ASENTAMIENTO HUMANO UBICADO SOBRE EL PREDIO IDENTIFICADO CON C\u00c9DULA CATASTRAL 251750000000000091159000000000 E INSCRITO A FOLIO DE MATR\u00cdCULA INMOBILIARIA 50N-20716756, UBICADO EN LA VEREDA TIQUIZA SECTOR CUATRO ESQUINAS DEL MUNICIPIO DE CH\u00cdA CUNDINAMARCA, SE ADOPTA OFICIALMENTE EL PLANO Y SE DICTAN OTRAS DISPOSICIONES.<\/td><td class=\"column-3\">02 DE FEBRERO DE 2026<\/td>\n<\/tr>\n<tr class=\"row-15\">\n\t<td class=\"column-1\"><a href=\"https:\/\/chia-cundinamarca.gov.co\/2026\/RESOLUCIONES\/Resoluci%C3%B3n%200439%20de%202026.pdf\" target=\"_blank\">Resoluci\u00f3n 0439<\/a><\/td><td class=\"column-2\">POR LA CUAL SE LEGALIZA EL ASENTAMIENTO HUMANO UBICADO SOBRE EL PREDIO IDENTIFICADO CON C\u00c9DULA CATASTRAL 251750000000000031485000000000, UBICADO EN LA VEREDA FAGUA, SECTOR FANTA, DEL MUNICIPIO DE CH\u00cdA CUNDINAMARCA, SE ADOPTA OFICIALMENTE EL PLANO Y SE DICTAN OTRAS DISPOSICIONES.<\/td><td class=\"column-3\">02 FEBRERO DE 2026<\/td>\n<\/tr>\n<tr class=\"row-16\">\n\t<td class=\"column-1\"><a href=\"https:\/\/chia-cundinamarca.gov.co\/2026\/RESOLUCIONES\/Resoluci%C3%B3n%200438%20de%202026.pdf\" target=\"_blank\">Resoluci\u00f3n 0438<\/a><\/td><td class=\"column-2\">POR LA CUAL SE LEGALIZA EL ASENTAMIENTO HUMANO UBICADO SOBRE EL PREDIO IDENTIFICADO CON C\u00c9DULA CATASTRAL 251750000000000073197000000000, UBICADO EN LA VEREDA LA BALSA, SECTOR LOS CAOBOS DEL MUNICIPIO DE CH\u00cdA CUNDINAMARCA, SE ADOPTA OFICIALMENTE EL PLANO Y SE DICTAN OTRAS DISPOSICIONES.<\/td><td class=\"column-3\">06 DE FEBRERO DE 2026<\/td>\n<\/tr>\n<tr class=\"row-17\">\n\t<td class=\"column-1\"><a href=\"https:\/\/chia-cundinamarca.gov.co\/2026\/RESOLUCIONES\/Resoluci%C3%B3n%200437%20de%202026.pdf\" target=\"_blank\">Resoluci\u00f3n 0437<\/a><\/td><td class=\"column-2\">POR LA CUAL SE LEGALIZA EL ASENTAMIENTO HUMANO UBICADO SOBRE EL PREDIO IDENTIFICADO CON C\u00c9DULA CATASTRAL 251750000000000023976000000000, UBICADO EN LA VEREDA FONQUETA, SECTOR LA PAZ, LOTE B DEL MUNICIPIO DE CH\u00cdA CUNDINAMARCA, SE ADOPTA OFICIALMENTE EL PLANO Y SE DICTAN OTRAS DISPOSICIONES<\/td><td class=\"column-3\">02 DE FEBRERO DE 2026<\/td>\n<\/tr>\n<tr class=\"row-18\">\n\t<td class=\"column-1\"><a href=\"https:\/\/chia-cundinamarca.gov.co\/2026\/RESOLUCIONES\/RESOLUCION%200035%20DEL%207%20DE%20ENERO%20DE%202026%20CARRERA%202%20ESTE.pdf\" target=\"_blank\">Resoluci\u00f3n 0035<\/a><\/td><td class=\"column-2\">POR LA CUAL SE DEFINEN LAS \u00c1REAS A AFECTAR PARA EL DESARROLLO DE LA CARRERA 2 ESTE, ENTRE LA AVENIDA PRADILLA Y LA AVENIDA PASEO DE LOS ZIPAS (V\u00cdA CH\u00cdA- CAJIC\u00c1) Y SE TOMAN OTRAS DETERMINACIONES <\/td><td class=\"column-3\">07 DE ENERO DE 2026<\/td>\n<\/tr>\n<tr class=\"row-19\">\n\t<td class=\"column-1\"><\/td><td class=\"column-2\"><\/td><td class=\"column-3\"><\/td>\n<\/tr>\n<tr class=\"row-20\">\n\t<td class=\"column-1\"><\/td><td class=\"column-2\"><\/td><td class=\"column-3\"><\/td>\n<\/tr>\n<\/tbody>\n<\/table>\n<!-- #tablepress-15 from cache --><\/div>\n\t\t\t\t\t\t<\/div>\n\t\t\t\t\t<\/div>\n\t\t\t\t<\/div>\n\t\t\t\t<\/div>\n\t\t","protected":false},"excerpt":{"rendered":"<p>Resoluciones 2026<\/p>\n","protected":false},"author":1,"featured_media":0,"parent":0,"menu_order":0,"comment_status":"closed","ping_status":"closed","template":"","meta":{"footnotes":""},"class_list":["post-32650","page","type-page","status-publish","hentry"],"_links":{"self":[{"href":"https:\/\/chia-cundinamarca.gov.co\/web\/wp-json\/wp\/v2\/pages\/32650","targetHints":{"allow":["GET"]}}],"collection":[{"href":"https:\/\/chia-cundinamarca.gov.co\/web\/wp-json\/wp\/v2\/pages"}],"about":[{"href":"https:\/\/chia-cundinamarca.gov.co\/web\/wp-json\/wp\/v2\/types\/page"}],"author":[{"embeddable":true,"href":"https:\/\/chia-cundinamarca.gov.co\/web\/wp-json\/wp\/v2\/users\/1"}],"replies":[{"embeddable":true,"href":"https:\/\/chia-cundinamarca.gov.co\/web\/wp-json\/wp\/v2\/comments?post=32650"}],"version-history":[{"count":7,"href":"https:\/\/chia-cundinamarca.gov.co\/web\/wp-json\/wp\/v2\/pages\/32650\/revisions"}],"predecessor-version":[{"id":32657,"href":"https:\/\/chia-cundinamarca.gov.co\/web\/wp-json\/wp\/v2\/pages\/32650\/revisions\/32657"}],"wp:attachment":[{"href":"https:\/\/chia-cundinamarca.gov.co\/web\/wp-json\/wp\/v2\/media?parent=32650"}],"curies":[{"name":"wp","href":"https:\/\/api.w.org\/{rel}","templated":true}]}}