{"id":33130,"date":"2026-01-30T10:19:30","date_gmt":"2026-01-30T15:19:30","guid":{"rendered":"https:\/\/chia-cundinamarca.gov.co\/web\/?page_id=33130"},"modified":"2026-01-30T11:34:39","modified_gmt":"2026-01-30T16:34:39","slug":"4-11-seguimiento-al-plan-de-desarrollo-2024-2027","status":"publish","type":"page","link":"https:\/\/chia-cundinamarca.gov.co\/web\/4-11-seguimiento-al-plan-de-desarrollo-2024-2027\/","title":{"rendered":"4.11 Seguimiento al Plan de Desarrollo 2024-2027"},"content":{"rendered":"\t\t<div data-elementor-type=\"wp-page\" data-elementor-id=\"33130\" class=\"elementor elementor-33130\" data-elementor-post-type=\"page\">\n\t\t\t\t<div class=\"elementor-element elementor-element-65f57d8 e-flex e-con-boxed e-con e-parent\" data-id=\"65f57d8\" data-element_type=\"container\" data-e-type=\"container\">\n\t\t\t\t\t<div class=\"e-con-inner\">\n\t\t\t\t<div class=\"elementor-element elementor-element-e9fe64a elementor-widget elementor-widget-text-editor\" data-id=\"e9fe64a\" data-element_type=\"widget\" data-e-type=\"widget\" data-widget_type=\"text-editor.default\">\n\t\t\t\t\t\t\t\t\t<div id=\"MSOZoneCell_WebPartWPQ2\" class=\"s4-wpcell-plain ms-webpartzone-cell ms-webpart-cell-vertical ms-fullWidth \"><div class=\"ms-webpart-chrome ms-webpart-chrome-vertical ms-webpart-chrome-fullWidth \"><div id=\"WebPartWPQ2\" class=\"ms-WPBody noindex \"><div class=\"ms-rtestate-field\"><strong><span class=\"ms-rteStyle-Titulo_Principal\">TRANSPARENCIA Y ACCESO A LA INFORMACI\u00d3N P\u00daBLICA<\/span><\/strong><\/div><div class=\"ms-clear\">\u00a0<\/div><\/div><\/div><div class=\"ms-PartSpacingVertical\">\u2013 Ley 1712 de 2014 \u2013 Por medio de la cual se crea la Ley de Transparencia y del Derecho de Acceso a la Informaci\u00f3n P\u00fablica Nacional y se dictan otras disposiciones.<\/div><\/div><div id=\"MSOZoneCell_WebPartWPQ1\" class=\"s4-wpcell-plain ms-webpartzone-cell ms-webpart-cell-vertical ms-fullWidth \"><div class=\"ms-webpart-chrome ms-webpart-chrome-vertical ms-webpart-chrome-fullWidth \"><div id=\"WebPartWPQ1\" class=\"ms-WPBody noindex \"><div class=\"ms-rtestate-field\"><p>Objeto. El objeto de la presente ley es regular el derecho de acceso a la informaci\u00f3n p\u00fablica, los procedimientos para el ejercicio y garant\u00eda del derecho y las excepciones a la publicidad de informaci\u00f3n.<\/p><p>\u2013 Decreto No. 1081 del 26 de mayo de 2015\u00a0del Departamento Administrativo de la Presidencia de la Rep\u00fablica \u2013 Por medio del cual se expide el Decreto reglamentario \u00fanico del sector Presidencia de la Rep\u00fablica.<\/p><p>\u2013 Resoluci\u00f3n No. 3564 del 31 de Diciembre de 2015\u00a0del Ministerio de Tecnolog\u00edas de la informaci\u00f3n y las comunicaciones \u2013 Por la cual se reglamentan los art\u00edculos 2.1.1.2.1.1, 2.1.1.2.1.11, 2.1.1.2.2.2 y el par\u00e1grafo 2 del art\u00edculo 2.1.1.3.1.1 del decreto No. 1081 de 2015<\/p><\/div><\/div><\/div><\/div>\t\t\t\t\t\t\t\t<\/div>\n\t\t\t\t\t<\/div>\n\t\t\t\t<\/div>\n\t\t<div class=\"elementor-element elementor-element-8f50a25 e-flex e-con-boxed e-con e-parent\" data-id=\"8f50a25\" data-element_type=\"container\" data-e-type=\"container\">\n\t\t\t\t\t<div class=\"e-con-inner\">\n\t\t\t\t<div class=\"elementor-element elementor-element-c7471e0 elementor-widget elementor-widget-heading\" data-id=\"c7471e0\" data-element_type=\"widget\" data-e-type=\"widget\" data-widget_type=\"heading.default\">\n\t\t\t\t\t<h2 class=\"elementor-heading-title elementor-size-default\">Informes trimestrales de Seguimiento al Plan de Desarrollo Municipal 2024 - 2027\n<\/h2>\t\t\t\t<\/div>\n\t\t\t\t\t<\/div>\n\t\t\t\t<\/div>\n\t\t<div class=\"elementor-element elementor-element-8dea9b8 e-flex e-con-boxed e-con e-parent\" data-id=\"8dea9b8\" data-element_type=\"container\" data-e-type=\"container\">\n\t\t\t\t\t<div class=\"e-con-inner\">\n\t\t\t\t<div class=\"elementor-element elementor-element-bf9d2f5 elementor-widget elementor-widget-spacer\" data-id=\"bf9d2f5\" data-element_type=\"widget\" data-e-type=\"widget\" data-widget_type=\"spacer.default\">\n\t\t\t\t\t\t\t<div class=\"elementor-spacer\">\n\t\t\t<div class=\"elementor-spacer-inner\"><\/div>\n\t\t<\/div>\n\t\t\t\t\t\t<\/div>\n\t\t\t\t\t<\/div>\n\t\t\t\t<\/div>\n\t\t<div class=\"elementor-element elementor-element-32d8df9 e-flex e-con-boxed e-con e-parent\" data-id=\"32d8df9\" data-element_type=\"container\" data-e-type=\"container\">\n\t\t\t\t\t<div class=\"e-con-inner\">\n\t\t\t\t<div class=\"elementor-element elementor-element-dbd754c elementor-widget elementor-widget-text-editor\" data-id=\"dbd754c\" data-element_type=\"widget\" data-e-type=\"widget\" data-widget_type=\"text-editor.default\">\n\t\t\t\t\t\t\t\t\t<h3><strong>VIGENCIA 2026:<\/strong><\/h3><h3>\u00a0<\/h3><h3><strong>VIGENCIA 2025:<\/strong><\/h3><ul><li><a href=\"https:\/\/chia-cundinamarca.gov.co\/2026\/PLANEACI%C3%93N\/SEGUIMIENTO%20AL%20PLAN%20DE%20DESARROLLO\/Informe%20de%20Seguimiento%20al%20Plan%20de%20Desarrollo%20Municipal%20marzo%202025.pdf\" target=\"_blank\" rel=\"noopener\">Informe de Seguimiento al Plan de Desarrollo Municipal marzo 2025<\/a><\/li><li><a href=\"https:\/\/chia-cundinamarca.gov.co\/2026\/PLANEACI%C3%93N\/SEGUIMIENTO%20AL%20PLAN%20DE%20DESARROLLO\/Informe%20de%20Seguimiento%20al%20Plan%20de%20Desarrollo%20Municipal%20junio%202025.pdf\" target=\"_blank\" rel=\"noopener\">Informe de Seguimiento al Plan de Desarrollo Municipal junio 2025<\/a><\/li><li><a href=\"https:\/\/chia-cundinamarca.gov.co\/2026\/PLANEACI%C3%93N\/SEGUIMIENTO%20AL%20PLAN%20DE%20DESARROLLO\/Informe%20de%20Seguimiento%20al%20Plan%20de%20Desarrollo%20Municipal%20septiembre%202025.pdf\" target=\"_blank\" rel=\"noopener\">Informe de Seguimiento al Plan de Desarrollo Municipal septiembre 2025<\/a><\/li><li><a href=\"https:\/\/chia-cundinamarca.gov.co\/2026\/PLANEACI%C3%93N\/SEGUIMIENTO%20AL%20PLAN%20DE%20DESARROLLO\/Informe%20de%20Seguimiento%20al%20Plan%20de%20Desarrollo%20Municipal%20diciembre%202025.pdf\" target=\"_blank\" rel=\"noopener\">Informe de Seguimiento al Plan de Desarrollo Municipal Diciembre 2025<\/a><\/li><\/ul>\t\t\t\t\t\t\t\t<\/div>\n\t\t\t\t\t<\/div>\n\t\t\t\t<\/div>\n\t\t\t\t<\/div>\n\t\t","protected":false},"excerpt":{"rendered":"<p>TRANSPARENCIA Y ACCESO A LA INFORMACI\u00d3N P\u00daBLICA\u00a0\u2013 Ley 1712 de 2014 \u2013 Por medio de la cual se crea la Ley de Transparencia y del Derecho de Acceso a la Informaci\u00f3n P\u00fablica Nacional y se dictan otras disposiciones. Objeto. El objeto de la presente ley es regular el derecho de acceso a la informaci\u00f3n p\u00fablica, [&hellip;]<\/p>\n","protected":false},"author":1,"featured_media":0,"parent":0,"menu_order":0,"comment_status":"closed","ping_status":"closed","template":"","meta":{"footnotes":""},"class_list":["post-33130","page","type-page","status-publish","hentry"],"_links":{"self":[{"href":"https:\/\/chia-cundinamarca.gov.co\/web\/wp-json\/wp\/v2\/pages\/33130","targetHints":{"allow":["GET"]}}],"collection":[{"href":"https:\/\/chia-cundinamarca.gov.co\/web\/wp-json\/wp\/v2\/pages"}],"about":[{"href":"https:\/\/chia-cundinamarca.gov.co\/web\/wp-json\/wp\/v2\/types\/page"}],"author":[{"embeddable":true,"href":"https:\/\/chia-cundinamarca.gov.co\/web\/wp-json\/wp\/v2\/users\/1"}],"replies":[{"embeddable":true,"href":"https:\/\/chia-cundinamarca.gov.co\/web\/wp-json\/wp\/v2\/comments?post=33130"}],"version-history":[{"count":10,"href":"https:\/\/chia-cundinamarca.gov.co\/web\/wp-json\/wp\/v2\/pages\/33130\/revisions"}],"predecessor-version":[{"id":33150,"href":"https:\/\/chia-cundinamarca.gov.co\/web\/wp-json\/wp\/v2\/pages\/33130\/revisions\/33150"}],"wp:attachment":[{"href":"https:\/\/chia-cundinamarca.gov.co\/web\/wp-json\/wp\/v2\/media?parent=33130"}],"curies":[{"name":"wp","href":"https:\/\/api.w.org\/{rel}","templated":true}]}}